{"id":175,"date":"2025-05-07T17:29:24","date_gmt":"2025-05-07T22:29:24","guid":{"rendered":"http:\/\/localhost:8888\/?page_id=175"},"modified":"2026-04-01T09:41:14","modified_gmt":"2026-04-01T14:41:14","slug":"cronograma","status":"publish","type":"page","link":"https:\/\/etech.caces.gob.ec\/?page_id=175","title":{"rendered":"CRONOGRAMA"},"content":{"rendered":"\t\t<div data-elementor-type=\"wp-page\" data-elementor-id=\"175\" class=\"elementor elementor-175\" data-elementor-post-type=\"page\">\n\t\t\t\t<div class=\"elementor-element elementor-element-03b9ed3 e-flex e-con-boxed e-con e-parent\" data-id=\"03b9ed3\" data-element_type=\"container\">\n\t\t\t\t\t<div class=\"e-con-inner\">\n\t\t\t\t<div class=\"elementor-element elementor-element-1300aa0 elementor-widget elementor-widget-heading\" data-id=\"1300aa0\" data-element_type=\"widget\" data-widget_type=\"heading.default\">\n\t\t\t\t<div class=\"elementor-widget-container\">\n\t\t\t\t\t<h2 class=\"elementor-heading-title elementor-size-default\">Foro de Experiencias de Investigaci\u00f3n<\/h2>\t\t\t\t<\/div>\n\t\t\t\t<\/div>\n\t\t\t\t\t<\/div>\n\t\t\t\t<\/div>\n\t\t<div class=\"elementor-element elementor-element-22f5d88 e-flex e-con-boxed e-con e-parent\" data-id=\"22f5d88\" data-element_type=\"container\">\n\t\t\t\t\t<div class=\"e-con-inner\">\n\t\t\t\t<div class=\"elementor-element elementor-element-47b5240 elementor-widget elementor-widget-shortcode\" data-id=\"47b5240\" data-element_type=\"widget\" data-widget_type=\"shortcode.default\">\n\t\t\t\t<div class=\"elementor-widget-container\">\n\t\t\t\t\t\t\t<div class=\"elementor-shortcode\"><div class=\"supsystic-table-loader spinner\"style=\"background-color:#000000\"><\/div><div id=\"supsystic-table-3_39045\" class=\"supsystic-tables-wrap \" style=\" width:100%; visibility: hidden; \" data-table-width-fixed=\"100%\" data-table-width-mobile=\"100%\" ><table id=\"supsystic-table-3\" class=\"supsystic-table border lightboxImg cell-border\" data-id=\"3\" data-view-id=\"3_39045\" data-title=\"Foro de Experiencias de Investigaci\u00f3n\" data-currency-format=\"$1,000.00\" data-percent-format=\"10.00%\" data-date-format=\"DD.MM.YYYY\" data-time-format=\"HH:mm\" data-features=\"[&quot;after_table_loaded_script&quot;]\" data-search-value=\"\" data-lightbox-img=\"\" data-head-rows-count=\"1\" data-pagination-length=\"50,100,All\" data-auto-index=\"off\" data-searching-settings=\"{&quot;columnSearchPosition&quot;:&quot;bottom&quot;,&quot;minChars&quot;:&quot;0&quot;}\" data-lang=\"default\" data-override=\"{&quot;emptyTable&quot;:&quot;&quot;,&quot;info&quot;:&quot;&quot;,&quot;infoEmpty&quot;:&quot;&quot;,&quot;infoFiltered&quot;:&quot;&quot;,&quot;lengthMenu&quot;:&quot;&quot;,&quot;search&quot;:&quot;&quot;,&quot;previous&quot;:&quot;&quot;,&quot;next&quot;:&quot;&quot;,&quot;zeroRecords&quot;:&quot;&quot;,&quot;exportLabel&quot;:&quot;&quot;,&quot;file&quot;:&quot;default&quot;}\" data-merged=\"[]\" data-responsive-mode=\"0\" data-from-history=\"0\" ><thead><tr><th class=\"\" style=\"width:; padding: 0 !important;\"><\/th><th class=\"\" style=\"width:; padding: 0 !important;\"><\/th><th class=\"\" style=\"width:; padding: 0 !important;\"><\/th><\/tr><\/thead><tbody><tr style=\"height:46px\" ><td data-cell-id=\"A1\" data-x=\"0\" data-y=\"1\" data-db-index=\"1\" class=\"fsize-30 color-ffffff htCenter bg-00a796 bold\" data-cell-type=\"text\" data-original-value=\"ACTIVIDAD\" data-order=\"ACTIVIDAD\" style=\"min-width:29.1221%; \" >ACTIVIDAD <\/td><td data-cell-id=\"B1\" data-x=\"1\" data-y=\"1\" data-db-index=\"1\" class=\"bold htCenter fsize-30 color-ffffff bg-00a796\" data-cell-type=\"text\" data-original-value=\"DESDE\" data-order=\"DESDE\" style=\"min-width:32.8694%; \" >DESDE <\/td><td data-cell-id=\"C1\" data-x=\"2\" data-y=\"1\" data-db-index=\"1\" class=\"bold htCenter fsize-30 color-ffffff bg-00a796\" data-cell-type=\"text\" data-original-value=\"HASTA\" data-order=\"HASTA\" style=\"min-width:38.0086%; \" >HASTA <\/td><\/tr><tr style=\"height:48px\" ><td data-cell-id=\"A2\" data-x=\"0\" data-y=\"2\" data-db-index=\"2\" class=\"fsize-30 color-ffffff htCenter bg-00a796 bold\" data-cell-type=\"text\" data-original-value=\"Postulaci\u00f3n\" data-order=\"Postulaci\u00f3n\" >Postulaci\u00f3n <\/td><td data-cell-id=\"B2\" data-x=\"1\" data-y=\"2\" data-db-index=\"2\" class=\"fsize-30 bg-a8e6cf\" data-cell-type=\"text\" data-original-value=\"24 de abril de 2026\" data-order=\"24 de abril de 2026\" >24 de abril de 2026 <\/td><td data-cell-id=\"C2\" data-x=\"2\" data-y=\"2\" data-db-index=\"2\" class=\"fsize-30 bg-a8e6cf\" data-cell-type=\"text\" data-original-value=\"02 de junio de 2026\" data-order=\"02 de junio de 2026\" >02 de junio de 2026 <\/td><\/tr><tr style=\"height:47px\" ><td data-cell-id=\"A3\" data-x=\"0\" data-y=\"3\" data-db-index=\"3\" class=\"fsize-30 color-ffffff htCenter bg-00a796 bold\" data-cell-type=\"text\" data-original-value=\"Aprobaci\u00f3n\" data-order=\"Aprobaci\u00f3n\" >Aprobaci\u00f3n <\/td><td data-cell-id=\"B3\" data-x=\"1\" data-y=\"3\" data-db-index=\"3\" class=\"fsize-30 bg-edf7f4\" data-cell-type=\"text\" data-original-value=\"03 de junio de 2026\" data-order=\"03 de junio de 2026\" >03 de junio de 2026 <\/td><td data-cell-id=\"C3\" data-x=\"2\" data-y=\"3\" data-db-index=\"3\" class=\"fsize-30 bg-edf7f4\" data-cell-type=\"text\" data-original-value=\"14 de agosto de 2026\" data-order=\"14 de agosto de 2026\" >14 de agosto de 2026 <\/td><\/tr><tr style=\"height:54px\" ><td data-cell-id=\"A4\" data-x=\"0\" data-y=\"4\" data-db-index=\"4\" class=\"fsize-30 color-ffffff htCenter bg-00a796 bold\" data-cell-type=\"text\" data-original-value=\"Notificaci\u00f3n\" data-order=\"Notificaci\u00f3n\" >Notificaci\u00f3n <\/td><td data-cell-id=\"B4\" data-x=\"1\" data-y=\"4\" data-db-index=\"4\" class=\"fsize-30 bg-a8e6cf\" data-cell-type=\"text\" data-original-value=\"17 de agosto de 2026\" data-order=\"17 de agosto de 2026\" >17 de agosto de 2026 <\/td><td data-cell-id=\"C4\" data-x=\"2\" data-y=\"4\" data-db-index=\"4\" class=\"fsize-30 bg-a8e6cf\" data-cell-type=\"text\" data-original-value=\"26 de agosto de 2026\" data-order=\"26 de agosto de 2026\" >26 de agosto de 2026 <\/td><\/tr><\/tbody><\/table><!-- \/#supsystic-table-3.supsystic-table --><\/div><!-- \/.supsystic-tables-wrap --><!-- Tables Generator by Supsystic --><!-- Version:1.10.36 --><!-- http:\/\/supsystic.com\/ --><a title=\"WP Table Builder\" style=\"display:none;\" href=\"https:\/\/supsystic.com\/plugins\/wordpress-data-table-plugin\/?utm_medium=love_link\" target=\"_blank\">WP Table Builder<\/a><\/div>\n\t\t\t\t\t\t<\/div>\n\t\t\t\t<\/div>\n\t\t\t\t\t<\/div>\n\t\t\t\t<\/div>\n\t\t<div class=\"elementor-element elementor-element-292f00d e-flex e-con-boxed e-con e-parent\" data-id=\"292f00d\" data-element_type=\"container\">\n\t\t\t\t\t<div class=\"e-con-inner\">\n\t\t\t\t<div class=\"elementor-element elementor-element-53ea7af elementor-widget elementor-widget-heading\" data-id=\"53ea7af\" data-element_type=\"widget\" data-widget_type=\"heading.default\">\n\t\t\t\t<div class=\"elementor-widget-container\">\n\t\t\t\t\t<h2 class=\"elementor-heading-title elementor-size-default\">Feria de Innovaciones en la Formaci\u00f3n T\u00e9cnica y Tecnol\u00f3gica<\/h2>\t\t\t\t<\/div>\n\t\t\t\t<\/div>\n\t\t\t\t\t<\/div>\n\t\t\t\t<\/div>\n\t\t<div class=\"elementor-element elementor-element-0f9a0de e-flex e-con-boxed e-con e-parent\" data-id=\"0f9a0de\" data-element_type=\"container\">\n\t\t\t\t\t<div class=\"e-con-inner\">\n\t\t\t\t<div class=\"elementor-element elementor-element-a9e908a elementor-widget elementor-widget-shortcode\" data-id=\"a9e908a\" data-element_type=\"widget\" data-widget_type=\"shortcode.default\">\n\t\t\t\t<div class=\"elementor-widget-container\">\n\t\t\t\t\t\t\t<div class=\"elementor-shortcode\"><div class=\"supsystic-table-loader spinner\"style=\"background-color:#000000\"><\/div><div id=\"supsystic-table-4_46334\" class=\"supsystic-tables-wrap \" style=\" width:100%; visibility: hidden; \" data-table-width-fixed=\"100%\" data-table-width-mobile=\"100%\" ><table id=\"supsystic-table-4\" class=\"supsystic-table border lightboxImg cell-border\" data-id=\"4\" data-view-id=\"4_46334\" data-title=\"Feria de Innovaciones en la Formaci\u00f3n T\u00e9cnica y Tecnol\u00f3gica\" data-currency-format=\"$1,000.00\" data-percent-format=\"10.00%\" data-date-format=\"DD.MM.YYYY\" data-time-format=\"HH:mm\" data-features=\"[&quot;after_table_loaded_script&quot;]\" data-search-value=\"\" data-lightbox-img=\"\" data-head-rows-count=\"1\" data-pagination-length=\"50,100,All\" data-auto-index=\"off\" data-searching-settings=\"{&quot;columnSearchPosition&quot;:&quot;bottom&quot;,&quot;minChars&quot;:&quot;0&quot;}\" data-lang=\"default\" data-override=\"{&quot;emptyTable&quot;:&quot;&quot;,&quot;info&quot;:&quot;&quot;,&quot;infoEmpty&quot;:&quot;&quot;,&quot;infoFiltered&quot;:&quot;&quot;,&quot;lengthMenu&quot;:&quot;&quot;,&quot;search&quot;:&quot;&quot;,&quot;previous&quot;:&quot;&quot;,&quot;next&quot;:&quot;&quot;,&quot;zeroRecords&quot;:&quot;&quot;,&quot;exportLabel&quot;:&quot;&quot;,&quot;file&quot;:&quot;default&quot;}\" data-merged=\"[]\" data-responsive-mode=\"0\" data-from-history=\"0\" ><thead><tr><th class=\"\" style=\"width:; padding: 0 !important;\"><\/th><th class=\"\" style=\"width:; padding: 0 !important;\"><\/th><th class=\"\" style=\"width:; padding: 0 !important;\"><\/th><\/tr><\/thead><tbody><tr style=\"height:46px\" ><td data-cell-id=\"A1\" data-x=\"0\" data-y=\"1\" data-db-index=\"1\" class=\"bold fsize-30 color-ffffff htCenter bg-00a796\" data-cell-type=\"text\" data-original-value=\"ACTIVIDAD\" data-order=\"ACTIVIDAD\" style=\"min-width:29.1221%; \" >ACTIVIDAD <\/td><td data-cell-id=\"B1\" data-x=\"1\" data-y=\"1\" data-db-index=\"1\" class=\"bold htCenter fsize-30 color-ffffff bg-00a796\" data-cell-type=\"text\" data-original-value=\"DESDE\" data-order=\"DESDE\" style=\"min-width:32.8694%; \" >DESDE <\/td><td data-cell-id=\"C1\" data-x=\"2\" data-y=\"1\" data-db-index=\"1\" class=\"bold htCenter fsize-30 color-ffffff bg-00a796\" data-cell-type=\"text\" data-original-value=\"HASTA\" data-order=\"HASTA\" style=\"min-width:38.0086%; \" >HASTA <\/td><\/tr><tr style=\"height:48px\" ><td data-cell-id=\"A2\" data-x=\"0\" data-y=\"2\" data-db-index=\"2\" class=\"fsize-30 color-ffffff htCenter bg-00a796 bold\" data-cell-type=\"text\" data-original-value=\"Postulaci\u00f3n\" data-order=\"Postulaci\u00f3n\" >Postulaci\u00f3n <\/td><td data-cell-id=\"B2\" data-x=\"1\" data-y=\"2\" data-db-index=\"2\" class=\"fsize-30 bg-a8e6cf\" data-cell-type=\"text\" data-original-value=\"24 de abril de 2026\" data-order=\"24 de abril de 2026\" >24 de abril de 2026 <\/td><td data-cell-id=\"C2\" data-x=\"2\" data-y=\"2\" data-db-index=\"2\" class=\"fsize-30 bg-a8e6cf\" data-cell-type=\"text\" data-original-value=\"02 de junio de 2026\" data-order=\"02 de junio de 2026\" >02 de junio de 2026 <\/td><\/tr><tr style=\"height:47px\" ><td data-cell-id=\"A3\" data-x=\"0\" data-y=\"3\" data-db-index=\"3\" class=\"fsize-30 color-ffffff htCenter bg-00a796 bold\" data-cell-type=\"text\" data-original-value=\"Aprobaci\u00f3n\" data-order=\"Aprobaci\u00f3n\" >Aprobaci\u00f3n <\/td><td data-cell-id=\"B3\" data-x=\"1\" data-y=\"3\" data-db-index=\"3\" class=\"fsize-30 bg-edf7f4\" data-cell-type=\"text\" data-original-value=\"03 de junio de 2026\" data-order=\"03 de junio de 2026\" >03 de junio de 2026 <\/td><td data-cell-id=\"C3\" data-x=\"2\" data-y=\"3\" data-db-index=\"3\" class=\"fsize-30 bg-edf7f4\" data-cell-type=\"text\" data-original-value=\"14 de agosto de 2026\" data-order=\"14 de agosto de 2026\" >14 de agosto de 2026 <\/td><\/tr><tr style=\"height:54px\" ><td data-cell-id=\"A4\" data-x=\"0\" data-y=\"4\" data-db-index=\"4\" class=\"fsize-30 color-ffffff htCenter bg-00a796 bold\" data-cell-type=\"text\" data-original-value=\"Notificaci\u00f3n\" data-order=\"Notificaci\u00f3n\" >Notificaci\u00f3n <\/td><td data-cell-id=\"B4\" data-x=\"1\" data-y=\"4\" data-db-index=\"4\" class=\"fsize-30 bg-a8e6cf\" data-cell-type=\"text\" data-original-value=\"17 de agosto de 2026\" data-order=\"17 de agosto de 2026\" >17 de agosto de 2026 <\/td><td data-cell-id=\"C4\" data-x=\"2\" data-y=\"4\" data-db-index=\"4\" class=\"fsize-30 bg-bfebdd\" data-cell-type=\"text\" data-original-value=\"26 de agosto de 2026\" data-order=\"26 de agosto de 2026\" >26 de agosto de 2026 <\/td><\/tr><\/tbody><\/table><!-- \/#supsystic-table-4.supsystic-table --><\/div><!-- \/.supsystic-tables-wrap --><!-- Tables Generator by Supsystic --><!-- Version:1.10.36 --><!-- http:\/\/supsystic.com\/ --><a title=\"WP Table Builder\" style=\"display:none;\" href=\"https:\/\/supsystic.com\/plugins\/wordpress-data-table-plugin\/?utm_medium=love_link\" target=\"_blank\">WP Table Builder<\/a><\/div>\n\t\t\t\t\t\t<\/div>\n\t\t\t\t<\/div>\n\t\t\t\t\t<\/div>\n\t\t\t\t<\/div>\n\t\t\t\t<\/div>\n\t\t","protected":false},"excerpt":{"rendered":"<p>Foro de Experiencias de Investigaci\u00f3n Feria de Innovaciones en la Formaci\u00f3n T\u00e9cnica y Tecnol\u00f3gica<\/p>\n","protected":false},"author":1,"featured_media":0,"parent":0,"menu_order":0,"comment_status":"closed","ping_status":"closed","template":"","meta":{"footnotes":""},"class_list":["post-175","page","type-page","status-publish","hentry"],"_links":{"self":[{"href":"https:\/\/etech.caces.gob.ec\/index.php?rest_route=\/wp\/v2\/pages\/175","targetHints":{"allow":["GET"]}}],"collection":[{"href":"https:\/\/etech.caces.gob.ec\/index.php?rest_route=\/wp\/v2\/pages"}],"about":[{"href":"https:\/\/etech.caces.gob.ec\/index.php?rest_route=\/wp\/v2\/types\/page"}],"author":[{"embeddable":true,"href":"https:\/\/etech.caces.gob.ec\/index.php?rest_route=\/wp\/v2\/users\/1"}],"replies":[{"embeddable":true,"href":"https:\/\/etech.caces.gob.ec\/index.php?rest_route=%2Fwp%2Fv2%2Fcomments&post=175"}],"version-history":[{"count":31,"href":"https:\/\/etech.caces.gob.ec\/index.php?rest_route=\/wp\/v2\/pages\/175\/revisions"}],"predecessor-version":[{"id":1587,"href":"https:\/\/etech.caces.gob.ec\/index.php?rest_route=\/wp\/v2\/pages\/175\/revisions\/1587"}],"wp:attachment":[{"href":"https:\/\/etech.caces.gob.ec\/index.php?rest_route=%2Fwp%2Fv2%2Fmedia&parent=175"}],"curies":[{"name":"wp","href":"https:\/\/api.w.org\/{rel}","templated":true}]}}